{"id":170,"date":"2023-09-20T18:29:13","date_gmt":"2023-09-20T18:29:13","guid":{"rendered":"https:\/\/www.bellamassage.fi\/?page_id=170"},"modified":"2023-09-20T19:23:52","modified_gmt":"2023-09-20T19:23:52","slug":"asusteet","status":"publish","type":"page","link":"https:\/\/www.bellamassage.fi\/index.php\/asusteet\/","title":{"rendered":"Asusteet"},"content":{"rendered":"\n<p class=\"has-text-align-center\"><strong>Voit tulla miss\u00e4 asusteissa haluat.<\/strong><\/p>\n\n\n\n<p class=\"has-text-align-center\"><strong>Meilt\u00e4 saat tarvittaessa veloituksetta lainaksi l\u00f6ys\u00e4t urheiluhousut ja\/tai t-paidan.<\/strong><\/p>\n\n\n<div class=\"wp-block-image\">\n<figure class=\"aligncenter size-full is-resized\"><img loading=\"lazy\" decoding=\"async\" src=\"https:\/\/www.bellamassage.fi\/wp-content\/uploads\/2023\/09\/Asusteet-2.jpg\" alt=\"\" class=\"wp-image-178\" style=\"width:598px;height:798px\" width=\"598\" height=\"798\" srcset=\"https:\/\/www.bellamassage.fi\/wp-content\/uploads\/2023\/09\/Asusteet-2.jpg 302w, https:\/\/www.bellamassage.fi\/wp-content\/uploads\/2023\/09\/Asusteet-2-225x300.jpg 225w, https:\/\/www.bellamassage.fi\/wp-content\/uploads\/2023\/09\/Asusteet-2-45x60.jpg 45w\" sizes=\"auto, (max-width: 598px) 100vw, 598px\" \/><\/figure><\/div>","protected":false},"excerpt":{"rendered":"<p>Voit tulla miss\u00e4 asusteissa haluat. Meilt\u00e4 saat tarvittaessa veloituksetta lainaksi l\u00f6ys\u00e4t urheiluhousut ja\/tai t-paidan.<\/p>\n","protected":false},"author":1,"featured_media":0,"parent":0,"menu_order":0,"comment_status":"closed","ping_status":"closed","template":"","meta":{"footnotes":""},"class_list":["post-170","page","type-page","status-publish","hentry"],"_links":{"self":[{"href":"https:\/\/www.bellamassage.fi\/index.php\/wp-json\/wp\/v2\/pages\/170","targetHints":{"allow":["GET"]}}],"collection":[{"href":"https:\/\/www.bellamassage.fi\/index.php\/wp-json\/wp\/v2\/pages"}],"about":[{"href":"https:\/\/www.bellamassage.fi\/index.php\/wp-json\/wp\/v2\/types\/page"}],"author":[{"embeddable":true,"href":"https:\/\/www.bellamassage.fi\/index.php\/wp-json\/wp\/v2\/users\/1"}],"replies":[{"embeddable":true,"href":"https:\/\/www.bellamassage.fi\/index.php\/wp-json\/wp\/v2\/comments?post=170"}],"version-history":[{"count":4,"href":"https:\/\/www.bellamassage.fi\/index.php\/wp-json\/wp\/v2\/pages\/170\/revisions"}],"predecessor-version":[{"id":188,"href":"https:\/\/www.bellamassage.fi\/index.php\/wp-json\/wp\/v2\/pages\/170\/revisions\/188"}],"wp:attachment":[{"href":"https:\/\/www.bellamassage.fi\/index.php\/wp-json\/wp\/v2\/media?parent=170"}],"curies":[{"name":"wp","href":"https:\/\/api.w.org\/{rel}","templated":true}]}}