{"id":36,"date":"2023-07-07T12:28:36","date_gmt":"2023-07-07T12:28:36","guid":{"rendered":"https:\/\/www.bellamassage.fi\/?page_id=36"},"modified":"2026-02-25T20:20:56","modified_gmt":"2026-02-25T20:20:56","slug":"thai-hieronta","status":"publish","type":"page","link":"https:\/\/www.bellamassage.fi\/index.php\/thai-hieronta\/","title":{"rendered":"Thai Hieronta"},"content":{"rendered":"\n<figure class=\"wp-block-image size-full\"><img loading=\"lazy\" decoding=\"async\" width=\"800\" height=\"533\" src=\"https:\/\/www.bellamassage.fi\/wp-content\/uploads\/2023\/07\/Wat-Pho.jpeg\" alt=\"\" class=\"wp-image-41\" srcset=\"https:\/\/www.bellamassage.fi\/wp-content\/uploads\/2023\/07\/Wat-Pho.jpeg 800w, https:\/\/www.bellamassage.fi\/wp-content\/uploads\/2023\/07\/Wat-Pho-300x200.jpeg 300w, https:\/\/www.bellamassage.fi\/wp-content\/uploads\/2023\/07\/Wat-Pho-768x512.jpeg 768w, https:\/\/www.bellamassage.fi\/wp-content\/uploads\/2023\/07\/Wat-Pho-90x60.jpeg 90w, https:\/\/www.bellamassage.fi\/wp-content\/uploads\/2023\/07\/Wat-Pho-370x247.jpeg 370w, https:\/\/www.bellamassage.fi\/wp-content\/uploads\/2023\/07\/Wat-Pho-776x517.jpeg 776w\" sizes=\"auto, (max-width: 800px) 100vw, 800px\" \/><figcaption class=\"wp-element-caption\">Wat Pho Temppeli, Bangkok, Thaimaa<\/figcaption><\/figure>\n\n\n\n<figure class=\"wp-block-video\"><video controls src=\"https:\/\/www.bellamassage.fi\/wp-content\/uploads\/2025\/08\/Bella-Massage-6_2025.mp4\"><\/video><\/figure>\n\n\n\n<p>Thaihieronta on perinteinen terapeuttinen thaimaalainen hieronta, jota yhdist\u00e4v\u00e4t Buddhalaiset l\u00e4\u00e4kint\u00e4opit, akupunktio sek\u00e4 venytt\u00e4v\u00e4t jooga-asennot.<\/p>\n\n\n\n<p>Alun perin thaihieronta sai alkunsa noin 2500 vuotta sitten Intiasta, josta se siirtyi Thaimaahan munkkien sek\u00e4 nunnien opetettavaksi.<\/p>\n\n\n\n<p>Thaihieronta on t\u00e4rke\u00e4 osa Thaimaan kulttuuria, Thaimaan kuningas Rama III jopa kaiverrutti hieronnan opit kiviin, jotta ne eiv\u00e4t koskaan unohtuisi. N\u00e4m\u00e4 kivet ovat yh\u00e4 n\u00e4ht\u00e4viss\u00e4 Bangkokissa, Wat Pho \u2013 temppeliss\u00e4.<\/p>\n\n\n\n<p>Perinteisesti Thaihieronta suoritetaan l\u00f6ys\u00e4sti istuvissa vaatteissa ohuella lattiamatolla maaten. Hieronta aloitetaan jaloista, joihin kiinnitet\u00e4\u00e4n erityist\u00e4 huomiota. Jaloista siirryt\u00e4\u00e4n hitaasti yl\u00f6sp\u00e4in painelemalla kehon kipupisteit\u00e4.<\/p>\n\n\n\n<p><\/p>\n\n\n\n<h2 class=\"wp-block-heading\">Thaihieronnan hy\u00f6dyt<\/h2>\n\n\n\n<p>Thaihieronnan pohjimmainen tarkoitus on auttaa energiaa virtaamaan koko kehon l\u00e4pi, jolloin sen uskotaan parantavan monia sairauksia.<\/p>\n\n\n\n<p>Thaihieronnassa keskityt\u00e4\u00e4n kehon l\u00e4pi kulkeviin energialinjoihin, joilla on vaikutusta niin tunteisiin kuin vireyteen ja fyysiseen tilaan.<\/p>\n\n\n\n<p>Thaihieronnan hy\u00f6tyj\u00e4 ovat mm.<\/p>\n\n\n\n<ol style=\"list-style-type:1\" class=\"wp-block-list\">\n<li>Stressin lievitys<\/li>\n\n\n\n<li>Lis\u00e4\u00e4 energiaa<\/li>\n\n\n\n<li>Parantaa liikeratoja &amp; suorituskyky\u00e4<\/li>\n<\/ol>\n\n\n\n<p>Thaihieronnassa k\u00e4ytet\u00e4\u00e4n k\u00e4sien lis\u00e4ksi my\u00f6s jalkoja, polvia ja kyyn\u00e4rp\u00e4it\u00e4. Thaihierontaa voidaan toteuttaa eri voimakkuuksilla asiakkaan tarpeen mukaan. Jos hieronnan voimakkuus tuntuu liian kovalta, pyyd\u00e4 hierojaa hieromaan kevyemmin.<\/p>\n\n\n\n<p><strong>Huom! Jos olet raskauden loppuvaiheessa, soita Mikalle 040-7567649, niin sovitaan sinulle sopiva hoito.<\/strong><\/p>\n","protected":false},"excerpt":{"rendered":"<p>Thaihieronta on perinteinen terapeuttinen thaimaalainen hieronta, jota yhdist\u00e4v\u00e4t Buddhalaiset l\u00e4\u00e4kint\u00e4opit, akupunktio sek\u00e4 venytt\u00e4v\u00e4t jooga-asennot. Alun perin thaihieronta sai alkunsa noin 2500 vuotta sitten Intiasta, josta se siirtyi Thaimaahan munkkien sek\u00e4 &hellip; <\/p>\n","protected":false},"author":1,"featured_media":0,"parent":0,"menu_order":0,"comment_status":"closed","ping_status":"closed","template":"","meta":{"footnotes":""},"class_list":["post-36","page","type-page","status-publish","hentry"],"_links":{"self":[{"href":"https:\/\/www.bellamassage.fi\/index.php\/wp-json\/wp\/v2\/pages\/36","targetHints":{"allow":["GET"]}}],"collection":[{"href":"https:\/\/www.bellamassage.fi\/index.php\/wp-json\/wp\/v2\/pages"}],"about":[{"href":"https:\/\/www.bellamassage.fi\/index.php\/wp-json\/wp\/v2\/types\/page"}],"author":[{"embeddable":true,"href":"https:\/\/www.bellamassage.fi\/index.php\/wp-json\/wp\/v2\/users\/1"}],"replies":[{"embeddable":true,"href":"https:\/\/www.bellamassage.fi\/index.php\/wp-json\/wp\/v2\/comments?post=36"}],"version-history":[{"count":5,"href":"https:\/\/www.bellamassage.fi\/index.php\/wp-json\/wp\/v2\/pages\/36\/revisions"}],"predecessor-version":[{"id":796,"href":"https:\/\/www.bellamassage.fi\/index.php\/wp-json\/wp\/v2\/pages\/36\/revisions\/796"}],"wp:attachment":[{"href":"https:\/\/www.bellamassage.fi\/index.php\/wp-json\/wp\/v2\/media?parent=36"}],"curies":[{"name":"wp","href":"https:\/\/api.w.org\/{rel}","templated":true}]}}