{"id":407,"date":"2024-02-01T18:29:55","date_gmt":"2024-02-01T18:29:55","guid":{"rendered":"https:\/\/www.bellamassage.fi\/?page_id=407"},"modified":"2025-07-03T11:43:16","modified_gmt":"2025-07-03T11:43:16","slug":"asiakaspalautteet","status":"publish","type":"page","link":"https:\/\/www.bellamassage.fi\/index.php\/asiakaspalautteet\/","title":{"rendered":"Asiakaspalautteet"},"content":{"rendered":"\n<div class=\"wp-block-group is-nowrap is-layout-flex wp-container-core-group-is-layout-1 wp-block-group-is-layout-flex\">\n<p class=\"has-text-align-left\">Suuresti kiitollisena asiakkaidemme meille l\u00e4hett\u00e4mist\u00e4 palautteista alamme julkaista sellaisia palautteita t\u00e4\u00e4ll\u00e4, jotka eiv\u00e4t l\u00f6ydy Timman palautteista. Lis\u00e4\u00e4 palautteita l\u00f6yd\u00e4t Timman varaussivustoltamme.<\/p>\n\n\n\n<div class=\"wp-block-buttons is-content-justification-right is-layout-flex wp-container-core-buttons-is-layout-1 wp-block-buttons-is-layout-flex\">\n<div class=\"wp-block-button\"><a class=\"wp-block-button__link has-text-align-center wp-element-button\" href=\"https:\/\/timma.fi\/yritys\/bella-massage\" target=\"_blank\" rel=\"noreferrer noopener\">Timma palautteet<\/a><\/div>\n<\/div>\n<\/div>\n\n\n\n<div class=\"wp-block-group is-nowrap is-layout-flex wp-container-core-group-is-layout-2 wp-block-group-is-layout-flex\">\n<p>Timman lis\u00e4ksi voit antaa meille palautetta Googlessa. Kiitos jo etuk\u00e4teen kaikille palautteiden antajille. Ne ovat meille todella t\u00e4rkeit\u00e4.<\/p>\n\n\n\n<div class=\"wp-block-buttons is-content-justification-right is-layout-flex wp-container-core-buttons-is-layout-2 wp-block-buttons-is-layout-flex\">\n<div class=\"wp-block-button\"><a class=\"wp-block-button__link wp-element-button\" href=\"https:\/\/g.page\/r\/CdEQCK2tyb6tECA\/review\" target=\"_blank\" rel=\"noreferrer noopener\">Google palaute<\/a><\/div>\n<\/div>\n<\/div>\n\n\n\n<p>3.7.2025 Soili: &#8221;Ei en\u00e4\u00e4 tarvitse l\u00e4hte\u00e4 Tallinnaan hakemaan kunnollista Thai-hierontaa, kun sen nyt l\u00f6ysin Tikkurilasta. Ihan parasta alallaan. Suosittelen \ud83d\udc4d\ud83d\udc4d\ud83d\udc4d &#8221;<\/p>\n\n\n\n<p>1.2.2024 &#8221;Hei! Hyv\u00e4\u00e4 palautetta ei voi ikin\u00e4 antaa liikaa, \u00e4skeinen hieronta oli varmaan maailman paras jossa olen k\u00e4ynyt, ja monesti olen Suomessa sek\u00e4 Thaimaassa k\u00e4ynyt. T\u00e4ys kymppi. Kiitos paljon ja suosittelen kyll\u00e4 eteenp\u00e4in ja tulen ehdottomasti itsekin uudelleen! Vau! \u263a\ufe0f Yt, Iina&#8221;<\/p>\n\n\n\n<p>1.2.2024 &#8221;Hei, l\u00e4het\u00e4n palautteen kirjallisesti vaikka soitin t\u00e4n\u00e4\u00e4n. Olen saanut hyv\u00e4\u00e4 Thai hierontaa, kokonaisvaltaista ja kehoa parantavaa hoitoa. T. Seija&#8221;<\/p>\n","protected":false},"excerpt":{"rendered":"<p>Suuresti kiitollisena asiakkaidemme meille l\u00e4hett\u00e4mist\u00e4 palautteista alamme julkaista sellaisia palautteita t\u00e4\u00e4ll\u00e4, jotka eiv\u00e4t l\u00f6ydy Timman palautteista. Lis\u00e4\u00e4 palautteita l\u00f6yd\u00e4t Timman varaussivustoltamme. Timman lis\u00e4ksi voit antaa meille palautetta Googlessa. Kiitos jo &hellip; <\/p>\n","protected":false},"author":1,"featured_media":0,"parent":0,"menu_order":0,"comment_status":"closed","ping_status":"closed","template":"","meta":{"footnotes":""},"class_list":["post-407","page","type-page","status-publish","hentry"],"_links":{"self":[{"href":"https:\/\/www.bellamassage.fi\/index.php\/wp-json\/wp\/v2\/pages\/407","targetHints":{"allow":["GET"]}}],"collection":[{"href":"https:\/\/www.bellamassage.fi\/index.php\/wp-json\/wp\/v2\/pages"}],"about":[{"href":"https:\/\/www.bellamassage.fi\/index.php\/wp-json\/wp\/v2\/types\/page"}],"author":[{"embeddable":true,"href":"https:\/\/www.bellamassage.fi\/index.php\/wp-json\/wp\/v2\/users\/1"}],"replies":[{"embeddable":true,"href":"https:\/\/www.bellamassage.fi\/index.php\/wp-json\/wp\/v2\/comments?post=407"}],"version-history":[{"count":14,"href":"https:\/\/www.bellamassage.fi\/index.php\/wp-json\/wp\/v2\/pages\/407\/revisions"}],"predecessor-version":[{"id":703,"href":"https:\/\/www.bellamassage.fi\/index.php\/wp-json\/wp\/v2\/pages\/407\/revisions\/703"}],"wp:attachment":[{"href":"https:\/\/www.bellamassage.fi\/index.php\/wp-json\/wp\/v2\/media?parent=407"}],"curies":[{"name":"wp","href":"https:\/\/api.w.org\/{rel}","templated":true}]}}