{"id":47,"date":"2023-07-07T14:00:15","date_gmt":"2023-07-07T14:00:15","guid":{"rendered":"https:\/\/www.bellamassage.fi\/?page_id=47"},"modified":"2023-07-07T14:42:24","modified_gmt":"2023-07-07T14:42:24","slug":"jalkahieronta","status":"publish","type":"page","link":"https:\/\/www.bellamassage.fi\/index.php\/jalkahieronta\/","title":{"rendered":"Jalkahieronta"},"content":{"rendered":"\n<figure class=\"wp-block-image size-full\"><img loading=\"lazy\" decoding=\"async\" width=\"600\" height=\"401\" src=\"https:\/\/www.bellamassage.fi\/wp-content\/uploads\/2023\/07\/Thai-foot-massage-series.jpg\" alt=\"\" class=\"wp-image-63\" srcset=\"https:\/\/www.bellamassage.fi\/wp-content\/uploads\/2023\/07\/Thai-foot-massage-series.jpg 600w, https:\/\/www.bellamassage.fi\/wp-content\/uploads\/2023\/07\/Thai-foot-massage-series-300x201.jpg 300w, https:\/\/www.bellamassage.fi\/wp-content\/uploads\/2023\/07\/Thai-foot-massage-series-90x60.jpg 90w, https:\/\/www.bellamassage.fi\/wp-content\/uploads\/2023\/07\/Thai-foot-massage-series-370x247.jpg 370w\" sizes=\"auto, (max-width: 600px) 100vw, 600px\" \/><\/figure>\n\n\n\n<p><strong>Jalkahieronta rentouttaa k\u00e4velyn j\u00e4lkeen<\/strong><\/p>\n\n\n\n<p>Jalkahieronta on taivaallisen ihanaa, kun jalkasi ovat rasittuneet pitk\u00e4n k\u00e4velyn tai ty\u00f6p\u00e4iv\u00e4n j\u00e4lkeen tai ihan muuten vaan. Hierontaa voidaan tehostaa erityisesti tarkoitusta varten kehitetyill\u00e4 puisilla apuv\u00e4lineill\u00e4.<\/p>\n\n\n\n<figure class=\"wp-block-image size-full is-resized\"><img loading=\"lazy\" decoding=\"async\" src=\"https:\/\/www.bellamassage.fi\/wp-content\/uploads\/2023\/07\/Apuvalineet.jpg\" alt=\"\" class=\"wp-image-65\" width=\"840\" height=\"591\" srcset=\"https:\/\/www.bellamassage.fi\/wp-content\/uploads\/2023\/07\/Apuvalineet.jpg 1000w, https:\/\/www.bellamassage.fi\/wp-content\/uploads\/2023\/07\/Apuvalineet-300x211.jpg 300w, https:\/\/www.bellamassage.fi\/wp-content\/uploads\/2023\/07\/Apuvalineet-768x541.jpg 768w, https:\/\/www.bellamassage.fi\/wp-content\/uploads\/2023\/07\/Apuvalineet-85x60.jpg 85w\" sizes=\"auto, (max-width: 840px) 100vw, 840px\" \/><\/figure>\n\n\n\n<figure class=\"wp-block-image size-large\"><img loading=\"lazy\" decoding=\"async\" width=\"1024\" height=\"768\" src=\"https:\/\/www.bellamassage.fi\/wp-content\/uploads\/2023\/07\/IMG-1418-1024x768.jpg\" alt=\"\" class=\"wp-image-77\" srcset=\"https:\/\/www.bellamassage.fi\/wp-content\/uploads\/2023\/07\/IMG-1418-1024x768.jpg 1024w, https:\/\/www.bellamassage.fi\/wp-content\/uploads\/2023\/07\/IMG-1418-300x225.jpg 300w, https:\/\/www.bellamassage.fi\/wp-content\/uploads\/2023\/07\/IMG-1418-768x576.jpg 768w, https:\/\/www.bellamassage.fi\/wp-content\/uploads\/2023\/07\/IMG-1418-1536x1152.jpg 1536w, https:\/\/www.bellamassage.fi\/wp-content\/uploads\/2023\/07\/IMG-1418-2048x1536.jpg 2048w, https:\/\/www.bellamassage.fi\/wp-content\/uploads\/2023\/07\/IMG-1418-80x60.jpg 80w, https:\/\/www.bellamassage.fi\/wp-content\/uploads\/2023\/07\/IMG-1418-640x480.jpg 640w, https:\/\/www.bellamassage.fi\/wp-content\/uploads\/2023\/07\/IMG-1418-110x83.jpg 110w\" sizes=\"auto, (max-width: 1024px) 100vw, 1024px\" \/><\/figure>\n","protected":false},"excerpt":{"rendered":"<p>Jalkahieronta rentouttaa k\u00e4velyn j\u00e4lkeen Jalkahieronta on taivaallisen ihanaa, kun jalkasi ovat rasittuneet pitk\u00e4n k\u00e4velyn tai ty\u00f6p\u00e4iv\u00e4n j\u00e4lkeen tai ihan muuten vaan. Hierontaa voidaan tehostaa erityisesti tarkoitusta varten kehitetyill\u00e4 puisilla apuv\u00e4lineill\u00e4.<\/p>\n","protected":false},"author":1,"featured_media":0,"parent":0,"menu_order":0,"comment_status":"closed","ping_status":"closed","template":"","meta":{"footnotes":""},"class_list":["post-47","page","type-page","status-publish","hentry"],"_links":{"self":[{"href":"https:\/\/www.bellamassage.fi\/index.php\/wp-json\/wp\/v2\/pages\/47","targetHints":{"allow":["GET"]}}],"collection":[{"href":"https:\/\/www.bellamassage.fi\/index.php\/wp-json\/wp\/v2\/pages"}],"about":[{"href":"https:\/\/www.bellamassage.fi\/index.php\/wp-json\/wp\/v2\/types\/page"}],"author":[{"embeddable":true,"href":"https:\/\/www.bellamassage.fi\/index.php\/wp-json\/wp\/v2\/users\/1"}],"replies":[{"embeddable":true,"href":"https:\/\/www.bellamassage.fi\/index.php\/wp-json\/wp\/v2\/comments?post=47"}],"version-history":[{"count":3,"href":"https:\/\/www.bellamassage.fi\/index.php\/wp-json\/wp\/v2\/pages\/47\/revisions"}],"predecessor-version":[{"id":78,"href":"https:\/\/www.bellamassage.fi\/index.php\/wp-json\/wp\/v2\/pages\/47\/revisions\/78"}],"wp:attachment":[{"href":"https:\/\/www.bellamassage.fi\/index.php\/wp-json\/wp\/v2\/media?parent=47"}],"curies":[{"name":"wp","href":"https:\/\/api.w.org\/{rel}","templated":true}]}}