{"id":51,"date":"2023-07-07T14:00:15","date_gmt":"2023-07-07T14:00:15","guid":{"rendered":"https:\/\/www.bellamassage.fi\/?page_id=51"},"modified":"2023-07-11T10:19:48","modified_gmt":"2023-07-11T10:19:48","slug":"ylavartalohiernta","status":"publish","type":"page","link":"https:\/\/www.bellamassage.fi\/index.php\/ylavartalohiernta\/","title":{"rendered":"Yl\u00e4vartalohieronta"},"content":{"rendered":"\n<figure class=\"wp-block-image size-full\"><img loading=\"lazy\" decoding=\"async\" width=\"247\" height=\"204\" src=\"https:\/\/www.bellamassage.fi\/wp-content\/uploads\/2023\/07\/Ylavartalo.jpg\" alt=\"\" class=\"wp-image-70\" srcset=\"https:\/\/www.bellamassage.fi\/wp-content\/uploads\/2023\/07\/Ylavartalo.jpg 247w, https:\/\/www.bellamassage.fi\/wp-content\/uploads\/2023\/07\/Ylavartalo-73x60.jpg 73w\" sizes=\"auto, (max-width: 247px) 100vw, 247px\" \/><\/figure>\n\n\n\n<p>Yl\u00e4vartalohieronta kattaa alueet: selk\u00e4, hartiat, niska, k\u00e4det ja rintakeh\u00e4. Hoidon painopiste voi olla joko sel\u00e4n alueella tai niska- ja hartiaseudun alueella asiakkaan yksil\u00f6llisen tarpeen mukaan.<\/p>\n\n\n\n<figure class=\"wp-block-image size-large\"><img loading=\"lazy\" decoding=\"async\" width=\"1024\" height=\"768\" src=\"https:\/\/www.bellamassage.fi\/wp-content\/uploads\/2023\/07\/IMG-1419-1-1024x768.jpg\" alt=\"\" class=\"wp-image-88\" srcset=\"https:\/\/www.bellamassage.fi\/wp-content\/uploads\/2023\/07\/IMG-1419-1-1024x768.jpg 1024w, https:\/\/www.bellamassage.fi\/wp-content\/uploads\/2023\/07\/IMG-1419-1-300x225.jpg 300w, https:\/\/www.bellamassage.fi\/wp-content\/uploads\/2023\/07\/IMG-1419-1-768x576.jpg 768w, https:\/\/www.bellamassage.fi\/wp-content\/uploads\/2023\/07\/IMG-1419-1-1536x1152.jpg 1536w, https:\/\/www.bellamassage.fi\/wp-content\/uploads\/2023\/07\/IMG-1419-1-2048x1536.jpg 2048w, https:\/\/www.bellamassage.fi\/wp-content\/uploads\/2023\/07\/IMG-1419-1-80x60.jpg 80w, https:\/\/www.bellamassage.fi\/wp-content\/uploads\/2023\/07\/IMG-1419-1-640x480.jpg 640w, https:\/\/www.bellamassage.fi\/wp-content\/uploads\/2023\/07\/IMG-1419-1-110x83.jpg 110w\" sizes=\"auto, (max-width: 1024px) 100vw, 1024px\" \/><\/figure>\n","protected":false},"excerpt":{"rendered":"<p>Yl\u00e4vartalohieronta kattaa alueet: selk\u00e4, hartiat, niska, k\u00e4det ja rintakeh\u00e4. Hoidon painopiste voi olla joko sel\u00e4n alueella tai niska- ja hartiaseudun alueella asiakkaan yksil\u00f6llisen tarpeen mukaan.<\/p>\n","protected":false},"author":1,"featured_media":0,"parent":0,"menu_order":0,"comment_status":"closed","ping_status":"closed","template":"","meta":{"footnotes":""},"class_list":["post-51","page","type-page","status-publish","hentry"],"_links":{"self":[{"href":"https:\/\/www.bellamassage.fi\/index.php\/wp-json\/wp\/v2\/pages\/51","targetHints":{"allow":["GET"]}}],"collection":[{"href":"https:\/\/www.bellamassage.fi\/index.php\/wp-json\/wp\/v2\/pages"}],"about":[{"href":"https:\/\/www.bellamassage.fi\/index.php\/wp-json\/wp\/v2\/types\/page"}],"author":[{"embeddable":true,"href":"https:\/\/www.bellamassage.fi\/index.php\/wp-json\/wp\/v2\/users\/1"}],"replies":[{"embeddable":true,"href":"https:\/\/www.bellamassage.fi\/index.php\/wp-json\/wp\/v2\/comments?post=51"}],"version-history":[{"count":4,"href":"https:\/\/www.bellamassage.fi\/index.php\/wp-json\/wp\/v2\/pages\/51\/revisions"}],"predecessor-version":[{"id":111,"href":"https:\/\/www.bellamassage.fi\/index.php\/wp-json\/wp\/v2\/pages\/51\/revisions\/111"}],"wp:attachment":[{"href":"https:\/\/www.bellamassage.fi\/index.php\/wp-json\/wp\/v2\/media?parent=51"}],"curies":[{"name":"wp","href":"https:\/\/api.w.org\/{rel}","templated":true}]}}